{"id":199,"date":"2023-05-23T12:15:17","date_gmt":"2023-05-23T11:15:17","guid":{"rendered":"https:\/\/aalisboa.com.pt\/2023\/?page_id=199"},"modified":"2025-03-28T12:17:53","modified_gmt":"2025-03-28T12:17:53","slug":"contactos","status":"publish","type":"page","link":"https:\/\/aalisboa.com.pt\/2023\/contactos\/","title":{"rendered":"Contactos"},"content":{"rendered":"\t\t<div data-elementor-type=\"wp-page\" data-elementor-id=\"199\" class=\"elementor elementor-199\" data-elementor-post-type=\"page\">\n\t\t\t\t<div class=\"elementor-element elementor-element-46d343da e-flex e-con-boxed e-con e-parent\" data-id=\"46d343da\" data-element_type=\"container\">\n\t\t\t\t\t<div class=\"e-con-inner\">\n\t\t\t\t<div class=\"elementor-element elementor-element-48b852cb elementor-widget elementor-widget-text-editor\" data-id=\"48b852cb\" data-element_type=\"widget\" data-widget_type=\"text-editor.default\">\n\t\t\t\t<div class=\"elementor-widget-container\">\n\t\t\t\t\t\t\t\t\t\n<h1 class=\"wp-block-heading\"><span style=\"vertical-align: inherit;\"><span style=\"vertical-align: inherit;\">Associa\u00e7\u00e3o de Atletismo de Lisboa<\/span><\/span><\/h1>\n\n<p><span style=\"vertical-align: inherit;\"><span style=\"vertical-align: inherit;\">Para qualquer informa\u00e7\u00e3o, a Associa\u00e7\u00e3o de Atletismo de Lisboa est\u00e1 \u00e0 inteira disposi\u00e7\u00e3o atrav\u00e9s dos seguintes contatos:<\/span><\/span><\/p>\n\n<figure class=\"wp-block-table\">\n<table>\n<tbody>\n<tr>\n<td>\n<p><strong><span style=\"vertical-align: inherit;\"><span style=\"vertical-align: inherit;\">Endere\u00e7o &#8211; Escrit\u00f3rio:<\/span><\/span><\/strong><span style=\"vertical-align: inherit;\"><span style=\"vertical-align: inherit;\"> \u00a0Pista de Atletismo Prof. M\u00e1rio Moniz Pereira &#8211; Escrit\u00f3rio AAL &#8211; 1\u00ba Andar <\/span><\/span><br \/><span style=\"vertical-align: inherit;\"><span style=\"vertical-align: inherit;\">Rua Jo\u00e3o Amaral 1750-423 Lisboa <\/span><\/span><br \/><strong><span style=\"vertical-align: inherit;\"><span style=\"vertical-align: inherit;\">Hor\u00e1rio de funcionamento:\u00a0<\/span><\/span><\/strong><span style=\"vertical-align: inherit;\"><span style=\"vertical-align: inherit;\"> 2\u00aa a 6\u00aa feira &#8211; 9h \u00e0s 13:30 &#8211; 14:30 \u00e0s 17h <\/span><\/span><br \/><strong><span style=\"vertical-align: inherit;\"><span style=\"vertical-align: inherit;\">Data da Funda\u00e7\u00e3o:<\/span><\/span><\/strong><span style=\"vertical-align: inherit;\"><span style=\"vertical-align: inherit;\"> \u00a017 de maio de 1929 <\/span><\/span><br \/><strong><span style=\"vertical-align: inherit;\"><span style=\"vertical-align: inherit;\">Telem\u00f3vel: <\/span><\/span><\/strong>\u00a0<a href=\"tel:968 495 847\" target=\"_blank\" rel=\"noreferrer noopener\"><span style=\"vertical-align: inherit;\"><span style=\"vertical-align: inherit;\">968 495 847 <\/span><\/span><\/a><br \/><br \/><br \/><strong><em><span style=\"vertical-align: inherit;\"><span style=\"vertical-align: inherit;\">CONTATOS GERAIS:<\/span><\/span><\/em><\/strong><\/p>\n<p>Conselho de Arbitragem \u2013\u00a0<a href=\"mailto:carbitragem@aalisboa.com.pt\">carbitragem@aalisboa.com.pt<\/a><br \/>Servi\u00e7os Administrativos &#8211;\u00a0<a href=\"mailto:lisboa@fpatletismo.org\">lisboa@fpatletismo.org<\/a><br \/>DTR Susana Silva: <a href=\"mailto:ssilva@aalisboa.com.pt\">ssilva@aalisboa.com.pt<\/a> <br \/>DTR Am\u00e9rico Brito: <a href=\"mailto:americolbrito@gmail.com\">americolbrito@gmail.com<\/a><br \/>Competi\u00e7\u00f5es \u2013\u00a0<a href=\"mailto:competicoes@aalisboa.com.pt\">competicoes@aalisboa.com.pt<\/a><br \/>Contabilidade \u2013 <a href=\"mailto:contabilidadeaal@gmail.com\">contabilidadeaal@gmail.com<\/a><\/p>\n<\/td>\n<\/tr>\n<\/tbody>\n<\/table>\n<\/figure>\n\t\t\t\t\t\t\t\t<\/div>\n\t\t\t\t<\/div>\n\t\t\t\t\t<\/div>\n\t\t\t\t<\/div>\n\t\t<div class=\"elementor-element elementor-element-b6f22fd e-flex e-con-boxed e-con e-parent\" data-id=\"b6f22fd\" data-element_type=\"container\">\n\t\t\t\t\t<div class=\"e-con-inner\">\n\t\t\t\t\t<\/div>\n\t\t\t\t<\/div>\n\t\t<div class=\"elementor-element elementor-element-7c09da4 e-flex e-con-boxed e-con e-parent\" data-id=\"7c09da4\" data-element_type=\"container\">\n\t\t\t\t\t<div class=\"e-con-inner\">\n\t\t\t\t<div class=\"elementor-element elementor-element-b47335e elementor-button-align-stretch elementor-widget elementor-widget-form\" data-id=\"b47335e\" data-element_type=\"widget\" data-settings=\"{&quot;step_next_label&quot;:&quot;Next&quot;,&quot;step_previous_label&quot;:&quot;Anterior&quot;,&quot;button_width&quot;:&quot;100&quot;,&quot;step_type&quot;:&quot;number_text&quot;,&quot;step_icon_shape&quot;:&quot;circle&quot;}\" data-widget_type=\"form.default\">\n\t\t\t\t<div class=\"elementor-widget-container\">\n\t\t\t\t\t\t\t<form class=\"elementor-form\" method=\"post\" name=\"Contatos Formul\u00e1rio\">\n\t\t\t<input type=\"hidden\" name=\"post_id\" value=\"199\"\/>\n\t\t\t<input type=\"hidden\" name=\"form_id\" value=\"b47335e\"\/>\n\t\t\t<input type=\"hidden\" name=\"referer_title\" value=\"Contactos\" \/>\n\n\t\t\t\t\t\t\t<input type=\"hidden\" name=\"queried_id\" value=\"199\"\/>\n\t\t\t\n\t\t\t<div class=\"elementor-form-fields-wrapper elementor-labels-above\">\n\t\t\t\t\t\t\t\t<div class=\"elementor-field-type-text elementor-field-group elementor-column elementor-field-group-name elementor-col-100\">\n\t\t\t\t\t\t\t\t\t\t\t\t<label for=\"form-field-name\" class=\"elementor-field-label\">\n\t\t\t\t\t\t\t\tNome\t\t\t\t\t\t\t<\/label>\n\t\t\t\t\t\t\t\t\t\t\t\t\t\t<input size=\"1\" type=\"text\" name=\"form_fields[name]\" id=\"form-field-name\" class=\"elementor-field elementor-size-md  elementor-field-textual\" placeholder=\"Nome\">\n\t\t\t\t\t\t\t\t\t\t\t<\/div>\n\t\t\t\t\t\t\t\t<div class=\"elementor-field-type-email elementor-field-group elementor-column elementor-field-group-email elementor-col-100 elementor-field-required\">\n\t\t\t\t\t\t\t\t\t\t\t\t<label for=\"form-field-email\" class=\"elementor-field-label\">\n\t\t\t\t\t\t\t\tEmail\t\t\t\t\t\t\t<\/label>\n\t\t\t\t\t\t\t\t\t\t\t\t\t\t<input size=\"1\" type=\"email\" name=\"form_fields[email]\" id=\"form-field-email\" class=\"elementor-field elementor-size-md  elementor-field-textual\" placeholder=\"Email\" required=\"required\" aria-required=\"true\">\n\t\t\t\t\t\t\t\t\t\t\t<\/div>\n\t\t\t\t\t\t\t\t<div class=\"elementor-field-type-textarea elementor-field-group elementor-column elementor-field-group-message elementor-col-100 elementor-field-required\">\n\t\t\t\t\t\t\t\t\t\t\t\t<label for=\"form-field-message\" class=\"elementor-field-label\">\n\t\t\t\t\t\t\t\tMensagem\t\t\t\t\t\t\t<\/label>\n\t\t\t\t\t\t<textarea class=\"elementor-field-textual elementor-field  elementor-size-md\" name=\"form_fields[message]\" id=\"form-field-message\" rows=\"4\" placeholder=\"Mensagem\" required=\"required\" aria-required=\"true\"><\/textarea>\t\t\t\t<\/div>\n\t\t\t\t\t\t\t\t<div class=\"elementor-field-group elementor-column elementor-field-type-submit elementor-col-100 e-form__buttons\">\n\t\t\t\t\t<button class=\"elementor-button elementor-size-sm\" type=\"submit\">\n\t\t\t\t\t\t<span class=\"elementor-button-content-wrapper\">\n\t\t\t\t\t\t\t\t\t\t\t\t\t\t\t\t\t\t\t\t\t\t<span class=\"elementor-button-text\">ENVIAR<\/span>\n\t\t\t\t\t\t\t\t\t\t\t\t\t<\/span>\n\t\t\t\t\t<\/button>\n\t\t\t\t<\/div>\n\t\t\t<\/div>\n\t\t<\/form>\n\t\t\t\t\t\t<\/div>\n\t\t\t\t<\/div>\n\t\t\t\t<div class=\"elementor-element elementor-element-f6f7574 elementor-widget elementor-widget-google_maps\" data-id=\"f6f7574\" data-element_type=\"widget\" data-widget_type=\"google_maps.default\">\n\t\t\t\t<div class=\"elementor-widget-container\">\n\t\t\t\t\t\t\t<div class=\"elementor-custom-embed\">\n\t\t\t<iframe loading=\"lazy\"\n\t\t\t\t\tsrc=\"https:\/\/maps.google.com\/maps?q=Pista%20de%20Atletismo%20Prof.%20M%C3%A1rio%20Moniz%20Pereira&#038;t=m&#038;z=13&#038;output=embed&#038;iwloc=near\"\n\t\t\t\t\ttitle=\"Pista de Atletismo Prof. M\u00e1rio Moniz Pereira\"\n\t\t\t\t\taria-label=\"Pista de Atletismo Prof. M\u00e1rio Moniz Pereira\"\n\t\t\t><\/iframe>\n\t\t<\/div>\n\t\t\t\t\t\t<\/div>\n\t\t\t\t<\/div>\n\t\t\t\t\t<\/div>\n\t\t\t\t<\/div>\n\t\t<div class=\"elementor-element elementor-element-219f6a6 e-flex e-con-boxed e-con e-parent\" data-id=\"219f6a6\" data-element_type=\"container\">\n\t\t\t\t\t<div class=\"e-con-inner\">\n\t\t<div class=\"elementor-element elementor-element-dc52922 e-con-full e-flex e-con e-child\" data-id=\"dc52922\" data-element_type=\"container\">\n\t\t\t\t<\/div>\n\t\t\t\t\t<\/div>\n\t\t\t\t<\/div>\n\t\t\t\t<\/div>\n\t\t","protected":false},"excerpt":{"rendered":"<p>Associa\u00e7\u00e3o de Atletismo de Lisboa Para qualquer informa\u00e7\u00e3o, a Associa\u00e7\u00e3o de Atletismo de Lisboa est\u00e1 \u00e0 inteira disposi\u00e7\u00e3o atrav\u00e9s dos seguintes contatos: Endere\u00e7o &#8211; Escrit\u00f3rio: \u00a0Pista de Atletismo Prof. M\u00e1rio [&hellip;]<\/p>\n","protected":false},"author":1,"featured_media":0,"parent":0,"menu_order":0,"comment_status":"closed","ping_status":"closed","template":"","meta":{"footnotes":""},"categories":[12],"class_list":["post-199","page","type-page","status-publish","hentry","category-contactos"],"_links":{"self":[{"href":"https:\/\/aalisboa.com.pt\/2023\/wp-json\/wp\/v2\/pages\/199","targetHints":{"allow":["GET"]}}],"collection":[{"href":"https:\/\/aalisboa.com.pt\/2023\/wp-json\/wp\/v2\/pages"}],"about":[{"href":"https:\/\/aalisboa.com.pt\/2023\/wp-json\/wp\/v2\/types\/page"}],"author":[{"embeddable":true,"href":"https:\/\/aalisboa.com.pt\/2023\/wp-json\/wp\/v2\/users\/1"}],"replies":[{"embeddable":true,"href":"https:\/\/aalisboa.com.pt\/2023\/wp-json\/wp\/v2\/comments?post=199"}],"version-history":[{"count":16,"href":"https:\/\/aalisboa.com.pt\/2023\/wp-json\/wp\/v2\/pages\/199\/revisions"}],"predecessor-version":[{"id":1553,"href":"https:\/\/aalisboa.com.pt\/2023\/wp-json\/wp\/v2\/pages\/199\/revisions\/1553"}],"wp:attachment":[{"href":"https:\/\/aalisboa.com.pt\/2023\/wp-json\/wp\/v2\/media?parent=199"}],"wp:term":[{"taxonomy":"category","embeddable":true,"href":"https:\/\/aalisboa.com.pt\/2023\/wp-json\/wp\/v2\/categories?post=199"}],"curies":[{"name":"wp","href":"https:\/\/api.w.org\/{rel}","templated":true}]}}