{"id":160,"date":"2023-05-22T12:12:02","date_gmt":"2023-05-22T11:12:02","guid":{"rendered":"https:\/\/aalisboa.com.pt\/2023\/?page_id=160"},"modified":"2026-05-05T10:23:48","modified_gmt":"2026-05-05T09:23:48","slug":"relatorio-e-contas","status":"publish","type":"page","link":"https:\/\/aalisboa.com.pt\/2023\/relatorio-e-contas\/","title":{"rendered":"Relat\u00f3rio e contas"},"content":{"rendered":"\n<h2 class=\"wp-block-heading has-vivid-red-color has-text-color\">Relat\u00f3rio e Contas 2016<\/h2>\n\n\n\n<div data-wp-interactive=\"core\/file\" class=\"wp-block-file\"><object data-wp-bind--hidden=\"!state.hasPdfPreview\" hidden class=\"wp-block-file__embed\" data=\"https:\/\/aalisboa.files.wordpress.com\/2023\/05\/relatorio-e-contas-2016.pdf\" type=\"application\/pdf\" style=\"width:100%;height:600px\" aria-label=\"Incorpora\u00e7\u00e3o de relatorio-e-contas-2016.\"><\/object><a id=\"wp-block-file--media-0a0f78e1-8338-4152-90bd-06453b4797ca\" href=\"https:\/\/aalisboa.files.wordpress.com\/2023\/05\/relatorio-e-contas-2016.pdf\">relatorio-e-contas-2016<\/a><a href=\"https:\/\/aalisboa.files.wordpress.com\/2023\/05\/relatorio-e-contas-2016.pdf\" class=\"wp-block-file__button wp-element-button\" download aria-describedby=\"wp-block-file--media-0a0f78e1-8338-4152-90bd-06453b4797ca\">Descarregar<\/a><\/div>\n\n\n\n<hr class=\"wp-block-separator has-alpha-channel-opacity is-style-wide\"\/>\n\n\n\n<h2 class=\"wp-block-heading has-vivid-red-color has-text-color\">Relat\u00f3rio e Contas 2017<\/h2>\n\n\n\n<div data-wp-interactive=\"core\/file\" class=\"wp-block-file\"><object data-wp-bind--hidden=\"!state.hasPdfPreview\" hidden class=\"wp-block-file__embed\" data=\"https:\/\/aalisboa.files.wordpress.com\/2023\/05\/relatorio-e-contas-2017.pdf\" type=\"application\/pdf\" style=\"width:100%;height:600px\" aria-label=\"Incorpora\u00e7\u00e3o de relatorio-e-contas-2017.\"><\/object><a id=\"wp-block-file--media-c0b5d214-f336-4aca-a86a-0d087ae3444c\" href=\"https:\/\/aalisboa.files.wordpress.com\/2023\/05\/relatorio-e-contas-2017.pdf\">relatorio-e-contas-2017<\/a><a href=\"https:\/\/aalisboa.files.wordpress.com\/2023\/05\/relatorio-e-contas-2017.pdf\" class=\"wp-block-file__button wp-element-button\" download aria-describedby=\"wp-block-file--media-c0b5d214-f336-4aca-a86a-0d087ae3444c\">Descarregar<\/a><\/div>\n\n\n\n<hr class=\"wp-block-separator has-alpha-channel-opacity is-style-wide\"\/>\n\n\n\n<h2 class=\"wp-block-heading has-vivid-red-color has-text-color\">Relat\u00f3rio e Contas 2018<\/h2>\n\n\n\n<div data-wp-interactive=\"core\/file\" class=\"wp-block-file\"><object data-wp-bind--hidden=\"!state.hasPdfPreview\" hidden class=\"wp-block-file__embed\" data=\"https:\/\/aalisboa.files.wordpress.com\/2023\/05\/relatorio-e-contas-2018.pdf\" type=\"application\/pdf\" style=\"width:100%;height:600px\" aria-label=\"Incorpora\u00e7\u00e3o de relatorio-e-contas-2018.\"><\/object><a id=\"wp-block-file--media-568dd835-18af-4d1c-8202-76e0a5700449\" href=\"https:\/\/aalisboa.files.wordpress.com\/2023\/05\/relatorio-e-contas-2018.pdf\">relatorio-e-contas-2018<\/a><a href=\"https:\/\/aalisboa.files.wordpress.com\/2023\/05\/relatorio-e-contas-2018.pdf\" class=\"wp-block-file__button wp-element-button\" download aria-describedby=\"wp-block-file--media-568dd835-18af-4d1c-8202-76e0a5700449\">Descarregar<\/a><\/div>\n\n\n\n<hr class=\"wp-block-separator has-alpha-channel-opacity is-style-wide\"\/>\n\n\n\n<h2 class=\"wp-block-heading has-vivid-red-color has-text-color\">Relat\u00f3rio e Contas 2019<\/h2>\n\n\n\n<div data-wp-interactive=\"core\/file\" class=\"wp-block-file\"><object data-wp-bind--hidden=\"!state.hasPdfPreview\" hidden class=\"wp-block-file__embed\" data=\"https:\/\/aalisboa.files.wordpress.com\/2023\/05\/relatorio-de-contas-2019_final.pdf\" type=\"application\/pdf\" style=\"width:100%;height:600px\" aria-label=\"Incorpora\u00e7\u00e3o de relatorio-de-contas-2019_final.\"><\/object><a id=\"wp-block-file--media-dae6e107-6246-45af-b182-12cc1f62c1b4\" href=\"https:\/\/aalisboa.files.wordpress.com\/2023\/05\/relatorio-de-contas-2019_final.pdf\">relatorio-de-contas-2019_final<\/a><a href=\"https:\/\/aalisboa.files.wordpress.com\/2023\/05\/relatorio-de-contas-2019_final.pdf\" class=\"wp-block-file__button wp-element-button\" download aria-describedby=\"wp-block-file--media-dae6e107-6246-45af-b182-12cc1f62c1b4\">Descarregar<\/a><\/div>\n\n\n\n<hr class=\"wp-block-separator has-alpha-channel-opacity is-style-wide\"\/>\n\n\n\n<h2 class=\"wp-block-heading has-vivid-red-color has-text-color\">Relat\u00f3rio e Contas 2020<\/h2>\n\n\n\n<div data-wp-interactive=\"core\/file\" class=\"wp-block-file\"><object data-wp-bind--hidden=\"!state.hasPdfPreview\" hidden class=\"wp-block-file__embed\" data=\"https:\/\/aalisboa.files.wordpress.com\/2023\/05\/relatorio-de-contas-2020.pdf\" type=\"application\/pdf\" style=\"width:100%;height:600px\" aria-label=\"Incorpora\u00e7\u00e3o de relatorio-de-contas-2020.\"><\/object><a id=\"wp-block-file--media-297bc4cf-bb35-4f39-a602-9b2da63d0876\" href=\"https:\/\/aalisboa.files.wordpress.com\/2023\/05\/relatorio-de-contas-2020.pdf\">relatorio-de-contas-2020<\/a><a href=\"https:\/\/aalisboa.files.wordpress.com\/2023\/05\/relatorio-de-contas-2020.pdf\" class=\"wp-block-file__button wp-element-button\" download aria-describedby=\"wp-block-file--media-297bc4cf-bb35-4f39-a602-9b2da63d0876\">Descarregar<\/a><\/div>\n\n\n\n<hr class=\"wp-block-separator has-alpha-channel-opacity is-style-wide\"\/>\n\n\n\n<h2 class=\"wp-block-heading has-vivid-red-color has-text-color\">Relat\u00f3rio e Contas 2021<\/h2>\n\n\n\n<div data-wp-interactive=\"core\/file\" class=\"wp-block-file\"><object data-wp-bind--hidden=\"!state.hasPdfPreview\" hidden class=\"wp-block-file__embed\" data=\"https:\/\/aalisboa.files.wordpress.com\/2023\/05\/relatorio-de-contas-2021_final.pdf\" type=\"application\/pdf\" style=\"width:100%;height:600px\" aria-label=\"Incorpora\u00e7\u00e3o de relatorio-de-contas-2021_final.\"><\/object><a id=\"wp-block-file--media-2beda2f1-7531-44d1-a0d2-ea299166daf9\" href=\"https:\/\/aalisboa.files.wordpress.com\/2023\/05\/relatorio-de-contas-2021_final.pdf\">relatorio-de-contas-2021_final<\/a><a href=\"https:\/\/aalisboa.files.wordpress.com\/2023\/05\/relatorio-de-contas-2021_final.pdf\" class=\"wp-block-file__button wp-element-button\" download aria-describedby=\"wp-block-file--media-2beda2f1-7531-44d1-a0d2-ea299166daf9\">Descarregar<\/a><\/div>\n\n\n\n<hr class=\"wp-block-separator has-alpha-channel-opacity is-style-wide\"\/>\n\n\n\n<h2 class=\"wp-block-heading has-vivid-red-color has-text-color\">Relat\u00f3rio e Contas 2022<\/h2>\n\n\n\n<h2 class=\"wp-block-heading has-vivid-red-color has-text-color\">Relat\u00f3rio e parecer do conselho fiscal <\/h2>\n\n\n\n<div data-wp-interactive=\"core\/file\" class=\"wp-block-file\"><object data-wp-bind--hidden=\"!state.hasPdfPreview\" hidden class=\"wp-block-file__embed\" data=\"https:\/\/aalisboa.files.wordpress.com\/2023\/05\/relatorio-conselho-fiscal-13-14-15.pdf\" type=\"application\/pdf\" style=\"width:100%;height:600px\" aria-label=\"Incorpora\u00e7\u00e3o de relatorio-conselho-fiscal-13-14-15.\"><\/object><a id=\"wp-block-file--media-c0312233-f168-4c97-9b89-87e062114165\" href=\"https:\/\/aalisboa.files.wordpress.com\/2023\/05\/relatorio-conselho-fiscal-13-14-15.pdf\">relatorio-conselho-fiscal-13-14-15<\/a><a href=\"https:\/\/aalisboa.files.wordpress.com\/2023\/05\/relatorio-conselho-fiscal-13-14-15.pdf\" class=\"wp-block-file__button wp-element-button\" download aria-describedby=\"wp-block-file--media-c0312233-f168-4c97-9b89-87e062114165\">Descarregar<\/a><\/div>\n\n\n\n<div data-wp-interactive=\"core\/file\" class=\"wp-block-file\"><object data-wp-bind--hidden=\"!state.hasPdfPreview\" hidden class=\"wp-block-file__embed\" data=\"https:\/\/aalisboa.com.pt\/2023\/wp-content\/uploads\/2023\/09\/Relatorios-de-Atividade-e-Contas-2022.pdf\" type=\"application\/pdf\" style=\"width:100%;height:600px\" aria-label=\"Incorpora\u00e7\u00e3o de Relatorios-de-Atividade-e-Contas-2022.\"><\/object><a id=\"wp-block-file--media-76506ead-28ae-43e3-a422-e020be11ca50\" href=\"https:\/\/aalisboa.com.pt\/2023\/wp-content\/uploads\/2023\/09\/Relatorios-de-Atividade-e-Contas-2022.pdf\">Relatorios-de-Atividade-e-Contas-2022<\/a><a href=\"https:\/\/aalisboa.com.pt\/2023\/wp-content\/uploads\/2023\/09\/Relatorios-de-Atividade-e-Contas-2022.pdf\" class=\"wp-block-file__button wp-element-button\" download aria-describedby=\"wp-block-file--media-76506ead-28ae-43e3-a422-e020be11ca50\">Descarregar<\/a><\/div>\n\n\n\n<hr class=\"wp-block-separator has-alpha-channel-opacity is-style-wide\"\/>\n\n\n\n<h2 class=\"wp-block-heading\">Relat\u00f3rio e Contas 2023<\/h2>\n\n\n\n<div data-wp-interactive=\"core\/file\" class=\"wp-block-file\"><object data-wp-bind--hidden=\"!state.hasPdfPreview\" hidden class=\"wp-block-file__embed\" data=\"https:\/\/aalisboa.com.pt\/2023\/wp-content\/uploads\/2026\/05\/Relatorios-de-Atividade-e-Contas-2023-1.pdf\" type=\"application\/pdf\" style=\"width:100%;height:600px\" aria-label=\"Incorpora\u00e7\u00e3o de Relat\u00f3rios de Atividade e Contas 2023.\"><\/object><a id=\"wp-block-file--media-1e054e7a-2c84-4ad7-9293-1d9669f343db\" href=\"https:\/\/aalisboa.com.pt\/2023\/wp-content\/uploads\/2026\/05\/Relatorios-de-Atividade-e-Contas-2023-1.pdf\">Relat\u00f3rios de Atividade e Contas 2023<\/a><a href=\"https:\/\/aalisboa.com.pt\/2023\/wp-content\/uploads\/2026\/05\/Relatorios-de-Atividade-e-Contas-2023-1.pdf\" class=\"wp-block-file__button wp-element-button\" download aria-describedby=\"wp-block-file--media-1e054e7a-2c84-4ad7-9293-1d9669f343db\">Descarregar<\/a><\/div>\n\n\n\n<p>Os textos e documentos publicados neste espa\u00e7o s\u00e3o de responsabilidade \u00fanica da Associa\u00e7\u00e3o de Atletismo de Lisboa, e qualquer erro detectado podem expressar necessariamente a opini\u00e3o \u00e0 Associa\u00e7\u00e3o.<\/p>\n\n\n\n<hr class=\"wp-block-separator has-alpha-channel-opacity\"\/>\n\n\n\n<h2 class=\"wp-block-heading\">Relat\u00f3rio e Contas 2024<\/h2>\n\n\n\n<div data-wp-interactive=\"core\/file\" class=\"wp-block-file\"><object data-wp-bind--hidden=\"!state.hasPdfPreview\" hidden class=\"wp-block-file__embed\" data=\"https:\/\/aalisboa.com.pt\/2023\/wp-content\/uploads\/2026\/05\/Relatorio-e-Contas-2024-VF_-1-1.pdf\" type=\"application\/pdf\" style=\"width:100%;height:600px\" aria-label=\"Incorpora\u00e7\u00e3o de - Relat\u00f3rio e Contas 2024 - VF_ -.\"><\/object><a id=\"wp-block-file--media-47145af9-e83e-4e6c-9f64-746fc2021f60\" href=\"https:\/\/aalisboa.com.pt\/2023\/wp-content\/uploads\/2026\/05\/Relatorio-e-Contas-2024-VF_-1-1.pdf\">&#8211; Relat\u00f3rio e Contas 2024 &#8211; VF_ &#8211;<\/a><a href=\"https:\/\/aalisboa.com.pt\/2023\/wp-content\/uploads\/2026\/05\/Relatorio-e-Contas-2024-VF_-1-1.pdf\" class=\"wp-block-file__button wp-element-button\" download aria-describedby=\"wp-block-file--media-47145af9-e83e-4e6c-9f64-746fc2021f60\">Descarregar<\/a><\/div>\n\n\n\n<p>Os textos e documentos publicados neste espa\u00e7o s\u00e3o de responsabilidade \u00fanica da Associa\u00e7\u00e3o de Atletismo de Lisboa, e qualquer erro detectado podem expressar necessariamente a opini\u00e3o \u00e0 Associa\u00e7\u00e3o.<\/p>\n","protected":false},"excerpt":{"rendered":"<p>Relat\u00f3rio e Contas 2016 Relat\u00f3rio e Contas 2017 Relat\u00f3rio e Contas 2018 Relat\u00f3rio e Contas 2019 Relat\u00f3rio e Contas 2020 Relat\u00f3rio e Contas 2021 Relat\u00f3rio e Contas 2022 Relat\u00f3rio e [&hellip;]<\/p>\n","protected":false},"author":1,"featured_media":0,"parent":0,"menu_order":0,"comment_status":"closed","ping_status":"closed","template":"","meta":{"footnotes":""},"categories":[9],"class_list":["post-160","page","type-page","status-publish","hentry","category-associacao-de-atletismo-de-lisboa"],"_links":{"self":[{"href":"https:\/\/aalisboa.com.pt\/2023\/wp-json\/wp\/v2\/pages\/160","targetHints":{"allow":["GET"]}}],"collection":[{"href":"https:\/\/aalisboa.com.pt\/2023\/wp-json\/wp\/v2\/pages"}],"about":[{"href":"https:\/\/aalisboa.com.pt\/2023\/wp-json\/wp\/v2\/types\/page"}],"author":[{"embeddable":true,"href":"https:\/\/aalisboa.com.pt\/2023\/wp-json\/wp\/v2\/users\/1"}],"replies":[{"embeddable":true,"href":"https:\/\/aalisboa.com.pt\/2023\/wp-json\/wp\/v2\/comments?post=160"}],"version-history":[{"count":7,"href":"https:\/\/aalisboa.com.pt\/2023\/wp-json\/wp\/v2\/pages\/160\/revisions"}],"predecessor-version":[{"id":1601,"href":"https:\/\/aalisboa.com.pt\/2023\/wp-json\/wp\/v2\/pages\/160\/revisions\/1601"}],"wp:attachment":[{"href":"https:\/\/aalisboa.com.pt\/2023\/wp-json\/wp\/v2\/media?parent=160"}],"wp:term":[{"taxonomy":"category","embeddable":true,"href":"https:\/\/aalisboa.com.pt\/2023\/wp-json\/wp\/v2\/categories?post=160"}],"curies":[{"name":"wp","href":"https:\/\/api.w.org\/{rel}","templated":true}]}}