{"id":154,"date":"2023-05-22T12:01:39","date_gmt":"2023-05-22T11:01:39","guid":{"rendered":"https:\/\/aalisboa.com.pt\/2023\/?page_id=154"},"modified":"2025-03-19T15:25:56","modified_gmt":"2025-03-19T15:25:56","slug":"documentacao","status":"publish","type":"page","link":"https:\/\/aalisboa.com.pt\/2023\/documentacao\/","title":{"rendered":"Documenta\u00e7\u00e3o"},"content":{"rendered":"\t\t<div data-elementor-type=\"wp-page\" data-elementor-id=\"154\" class=\"elementor elementor-154\" data-elementor-post-type=\"page\">\n\t\t\t\t<div class=\"elementor-element elementor-element-1669d189 e-flex e-con-boxed e-con e-parent\" data-id=\"1669d189\" data-element_type=\"container\">\n\t\t\t\t\t<div class=\"e-con-inner\">\n\t\t\t\t<div class=\"elementor-element elementor-element-755f7c6e elementor-widget elementor-widget-text-editor\" data-id=\"755f7c6e\" data-element_type=\"widget\" data-widget_type=\"text-editor.default\">\n\t\t\t\t<div class=\"elementor-widget-container\">\n\t\t\t\t\t\t\t\t\t\n<h3 class=\"wp-block-heading\"><strong>Estatutos da AAL<\/strong>:<\/h3>\n\n<p class=\"has-vivid-red-color has-text-color\"><strong>Estatuto da Associa\u00e7\u00e3o de Atletismo de Lisboa<\/strong><\/p>\n\n<p><object data=\"https:\/\/aalisboa.files.wordpress.com\/2023\/05\/estatutos-aal.pdf\" type=\"application\/pdf\" width=\"300\" height=\"150\"><\/object><a href=\"https:\/\/aalisboa.files.wordpress.com\/2023\/05\/estatutos-aal.pdf\" target=\"_blank\" rel=\"noreferrer noopener\">estatutos-aal<\/a><a href=\"https:\/\/aalisboa.files.wordpress.com\/2023\/05\/estatutos-aal.pdf?force_download=true\">DESCARREGAR<\/a><\/p>\n<hr class=\"wp-block-separator has-alpha-channel-opacity\" \/>\n<h3 class=\"wp-block-heading\">Regulamento de Disciplina da AAL<\/h3>\n\n<p><a href=\"http:\/\/www.aalisboa.com.pt\/pt\/eventos\/_DUPLICATED_\/\/pt\/eventos\/_DUPLICATED_\/\/pt\/eventos\/_DUPLICATED_\/\/pt\/eventos\/_DUPLICATED_\/\/source\/documentos\/regulamento-disciplinar.pdf\" target=\"_blank\" rel=\"noreferrer noopener\">\uf1c1\u00a0Regulamento de Disciplina da Associa\u00e7\u00e3o de Atletismo de Lisboa<\/a><\/p>\n<hr class=\"wp-block-separator has-alpha-channel-opacity\" \/>\n<h3 class=\"wp-block-heading\">Normas Administrativas AAL<\/h3>\n<p>\u00a0<\/p>\n\n<p><strong>\u00c9poca 2024-2025<\/strong><\/p>\n<p><!-- \/wp:paragraph --><!-- wp:paragraph --><\/p>\n<p><a href=\"file:\/\/\/C:\/Users\/HP\/Downloads\/2024-2025%20-%20Normas%20Administrativas%20%20AAL%20%20.pdf\">Normas de Atua\u00e7\u00e3o <\/a><a href=\"https:\/\/aalisboa.com.pt\/2023\/wp-content\/uploads\/2023\/09\/Tabela-de-Taxas-.pdf\" data-type=\"link\" data-id=\"https:\/\/aalisboa.com.pt\/2023\/wp-content\/uploads\/2023\/09\/Tabela-de-Taxas-.pdf\">Tabela Taxas <\/a><a href=\"file:\/\/\/C:\/Users\/HP\/Downloads\/2024-2025%20-%20Normas%20Administrativas%20%20AAL%20%20.pdf\"> 2024-2025<\/a><\/p>\n<p><!-- \/wp:paragraph --><!-- wp:paragraph --><\/p>\n<p><!-- \/wp:paragraph --><!-- wp:paragraph --><\/p>\n<p>Seguro 2024-2025<\/p>\n<p><!-- \/wp:paragraph --><!-- wp:paragraph --><\/p>\n<p><a href=\"http:\/\/www.aalisboa.com.pt\/pt\/eventos\/_DUPLICATED_\/\/pt\/eventos\/_DUPLICATED_\/\/pt\/eventos\/_DUPLICATED_\/\/pt\/eventos\/_DUPLICATED_\/\/source\/regulamentos\/normas-2021-2022\/formulario-exame-medico-desportivo.pdf\">\uf1c1\u00a0Formul\u00e1rio Exame M\u00e9dico Desportivo<\/a><\/p>\n<!-- wp:paragraph -->\n<p>\u00a0<\/p>\n<p>\u00a0<\/p>\n<p>\u00a0<\/p>\n<p><strong>\u00c9poca 2023-2024<\/strong><\/p>\n<!-- \/wp:paragraph --><!-- wp:paragraph -->\n<p><a href=\"https:\/\/aalisboa.com.pt\/2023\/wp-content\/uploads\/2023\/09\/Normas-AAL-2023-2024.pdf\">Normas de Atua\u00e7\u00e3o 2023-2024<\/a><\/p>\n<!-- \/wp:paragraph --><!-- wp:paragraph -->\n<p><a href=\"https:\/\/aalisboa.com.pt\/2023\/wp-content\/uploads\/2023\/09\/Tabela-de-Taxas-.pdf\" data-type=\"link\" data-id=\"https:\/\/aalisboa.com.pt\/2023\/wp-content\/uploads\/2023\/09\/Tabela-de-Taxas-.pdf\">Tabela Taxas 2023-2024<\/a><\/p>\n<!-- \/wp:paragraph --><!-- wp:paragraph -->\n<p>Seguro 2023-2024<\/p>\n<!-- \/wp:paragraph --><!-- wp:paragraph -->\n<p><a href=\"http:\/\/www.aalisboa.com.pt\/pt\/eventos\/_DUPLICATED_\/\/pt\/eventos\/_DUPLICATED_\/\/pt\/eventos\/_DUPLICATED_\/\/pt\/eventos\/_DUPLICATED_\/\/source\/regulamentos\/normas-2021-2022\/formulario-exame-medico-desportivo.pdf\">\uf1c1\u00a0Formul\u00e1rio Exame M\u00e9dico Desportivo<\/a><\/p>\n<!-- \/wp:paragraph --><!-- wp:paragraph -->\n<p>\u00a0<\/p>\n<!-- \/wp:paragraph --><!-- wp:paragraph -->\n<p>\u00a0<\/p>\n<!-- \/wp:paragraph --><!-- wp:paragraph -->\n<p>\u00a0<\/p>\n<!-- \/wp:paragraph --><!-- wp:paragraph -->\n<p><strong>\u00c9poca 2022-2023<\/strong><\/p>\n<!-- \/wp:paragraph --><!-- wp:paragraph -->\n<p><a href=\"https:\/\/aalisboa.files.wordpress.com\/2023\/05\/2022-2023-normas-administrativas.pdf\">2022-2023-normas-administrativas<\/a><a href=\"https:\/\/aalisboa.files.wordpress.com\/2023\/05\/2022-2023-normas-administrativas.pdf?force_download=true\">DESCARREGAR<\/a><\/p>\n<!-- \/wp:paragraph --><!-- wp:paragraph -->\n<p><a href=\"http:\/\/www.aalisboa.com.pt\/pt\/eventos\/_DUPLICATED_\/\/pt\/eventos\/_DUPLICATED_\/\/pt\/eventos\/_DUPLICATED_\/\/pt\/eventos\/_DUPLICATED_\/\/source\/epoca-22-23\/normas-administrativas--2023\/aalisboa---condicoes-seguro-2022_2023-v2.pdf\">\uf1c1\u00a0Condi\u00e7\u00f5es Seguro 2022\/2023<\/a><\/p>\n<!-- \/wp:paragraph --><!-- wp:paragraph -->\n<p><a href=\"http:\/\/www.aalisboa.com.pt\/pt\/eventos\/_DUPLICATED_\/\/pt\/eventos\/_DUPLICATED_\/\/pt\/eventos\/_DUPLICATED_\/\/pt\/eventos\/_DUPLICATED_\/\/source\/epoca-22-23\/normas-administrativas--2023\/aal-procedimento-seguros2023.pdf\">\uf1c1\u00a0Procedimentos Seguro 2022\/2023<\/a><\/p>\n<!-- \/wp:paragraph --><!-- wp:paragraph {\"textColor\":\"vivid-red\"} -->\n<p class=\"has-vivid-red-color has-text-color\"><strong>Documento Participa\u00e7\u00e3o Sinistro 2022\/2023<\/strong><\/p>\n<!-- \/wp:paragraph --><!-- wp:paragraph -->\n<p><a href=\"http:\/\/www.aalisboa.com.pt\/pt\/eventos\/_DUPLICATED_\/\/pt\/eventos\/_DUPLICATED_\/\/pt\/eventos\/_DUPLICATED_\/\/pt\/eventos\/_DUPLICATED_\/\/source\/regulamentos\/normas-2021-2022\/formulario-exame-medico-desportivo.pdf\">\uf1c1\u00a0Formul\u00e1rio Exame M\u00e9dico Desportivo<\/a><\/p>\n<!-- \/wp:paragraph --><!-- wp:separator --><hr class=\"wp-block-separator has-alpha-channel-opacity\" \/><!-- \/wp:separator --><!-- wp:heading {\"level\":3} -->\n<h3 class=\"wp-block-heading\"><strong>Normas Administrativas\u00a0FPA<\/strong><\/h3>\n<!-- \/wp:heading --><!-- wp:paragraph -->\n<p><a href=\"http:\/\/www.aalisboa.com.pt\/pt\/eventos\/_DUPLICATED_\/\/pt\/eventos\/_DUPLICATED_\/\/pt\/eventos\/_DUPLICATED_\/\/pt\/eventos\/_DUPLICATED_\/\/source\/epoca-22-23\/normas-administrativas--2023\/fpa-2023\/2022-2023-normas-administrativas.pdf\">\uf1c1\u00a0Normas Administrativas FPA 2022\/2023<\/a><\/p>\n<!-- \/wp:paragraph --><!-- wp:paragraph {\"textColor\":\"vivid-red\"} -->\n<p class=\"has-vivid-red-color has-text-color\">\u00a0<strong>Seguro Desportivo FPAtletismo 2022\/2023<\/strong><\/p>\n<!-- \/wp:paragraph --><!-- wp:paragraph -->\n<p>\u00a0<\/p>\n<!-- \/wp:paragraph --><!-- wp:separator --><hr class=\"wp-block-separator has-alpha-channel-opacity\" \/><!-- \/wp:separator --><!-- wp:paragraph -->\n<p>Os textos e documentos publicados neste espa\u00e7o s\u00e3o de responsabilidade \u00fanica da Associa\u00e7\u00e3o de Atletismo de Lisboa, e qualquer erro detetado podem expressar necessariamente a opini\u00e3o \u00e0 Associa\u00e7\u00e3o.<\/p>\n<!-- \/wp:paragraph -->\t\t\t\t\t\t\t\t<\/div>\n\t\t\t\t<\/div>\n\t\t\t\t\t<\/div>\n\t\t\t\t<\/div>\n\t\t\t\t<\/div>\n\t\t","protected":false},"excerpt":{"rendered":"<p>Estatutos da AAL: Estatuto da Associa\u00e7\u00e3o de Atletismo de Lisboa estatutos-aalDESCARREGAR Regulamento de Disciplina da AAL \uf1c1\u00a0Regulamento de Disciplina da Associa\u00e7\u00e3o de Atletismo de Lisboa Normas Administrativas AAL \u00a0 \u00c9poca [&hellip;]<\/p>\n","protected":false},"author":1,"featured_media":0,"parent":0,"menu_order":0,"comment_status":"closed","ping_status":"closed","template":"","meta":{"footnotes":""},"categories":[9],"class_list":["post-154","page","type-page","status-publish","hentry","category-associacao-de-atletismo-de-lisboa"],"_links":{"self":[{"href":"https:\/\/aalisboa.com.pt\/2023\/wp-json\/wp\/v2\/pages\/154","targetHints":{"allow":["GET"]}}],"collection":[{"href":"https:\/\/aalisboa.com.pt\/2023\/wp-json\/wp\/v2\/pages"}],"about":[{"href":"https:\/\/aalisboa.com.pt\/2023\/wp-json\/wp\/v2\/types\/page"}],"author":[{"embeddable":true,"href":"https:\/\/aalisboa.com.pt\/2023\/wp-json\/wp\/v2\/users\/1"}],"replies":[{"embeddable":true,"href":"https:\/\/aalisboa.com.pt\/2023\/wp-json\/wp\/v2\/comments?post=154"}],"version-history":[{"count":9,"href":"https:\/\/aalisboa.com.pt\/2023\/wp-json\/wp\/v2\/pages\/154\/revisions"}],"predecessor-version":[{"id":1426,"href":"https:\/\/aalisboa.com.pt\/2023\/wp-json\/wp\/v2\/pages\/154\/revisions\/1426"}],"wp:attachment":[{"href":"https:\/\/aalisboa.com.pt\/2023\/wp-json\/wp\/v2\/media?parent=154"}],"wp:term":[{"taxonomy":"category","embeddable":true,"href":"https:\/\/aalisboa.com.pt\/2023\/wp-json\/wp\/v2\/categories?post=154"}],"curies":[{"name":"wp","href":"https:\/\/api.w.org\/{rel}","templated":true}]}}